{"id":1541,"date":"2026-02-17T11:20:51","date_gmt":"2026-02-17T17:20:51","guid":{"rendered":"https:\/\/lacomarcadelostalentos.com\/lct\/?page_id=1541"},"modified":"2026-02-17T22:41:10","modified_gmt":"2026-02-18T04:41:10","slug":"alejandra-de-luna","status":"publish","type":"page","link":"https:\/\/lacomarcadelostalentos.com\/lct\/alejandra-de-luna\/","title":{"rendered":"Alejandra de Luna"},"content":{"rendered":"\t\t<div data-elementor-type=\"wp-page\" data-elementor-id=\"1541\" class=\"elementor elementor-1541\" data-elementor-post-type=\"page\">\n\t\t\t\t\t\t<section class=\"elementor-section elementor-top-section elementor-element elementor-element-4a73c910 elementor-section-boxed elementor-section-height-default elementor-section-height-default\" data-id=\"4a73c910\" data-element_type=\"section\" data-e-type=\"section\" data-settings=\"{&quot;background_background&quot;:&quot;gradient&quot;}\">\n\t\t\t\t\t\t\t<div class=\"elementor-background-overlay\"><\/div>\n\t\t\t\t\t\t\t<div class=\"elementor-container elementor-column-gap-no\">\n\t\t\t\t\t<div class=\"elementor-column elementor-col-100 elementor-top-column elementor-element elementor-element-5ade2ce0 elementor-invisible\" data-id=\"5ade2ce0\" data-element_type=\"column\" data-e-type=\"column\" data-settings=\"{&quot;animation&quot;:&quot;fadeInUp&quot;}\">\n\t\t\t<div class=\"elementor-widget-wrap elementor-element-populated\">\n\t\t\t\t\t\t<div class=\"elementor-element elementor-element-2fd62b00 elementor-widget elementor-widget-heading\" data-id=\"2fd62b00\" data-element_type=\"widget\" data-e-type=\"widget\" data-widget_type=\"heading.default\">\n\t\t\t\t<div class=\"elementor-widget-container\">\n\t\t\t\t\t<h1 class=\"elementor-heading-title elementor-size-default\">Alejandra de Luna<\/h1>\t\t\t\t<\/div>\n\t\t\t\t<\/div>\n\t\t\t\t<div class=\"elementor-element elementor-element-7edc487 elementor-widget elementor-widget-text-editor\" data-id=\"7edc487\" data-element_type=\"widget\" data-e-type=\"widget\" data-widget_type=\"text-editor.default\">\n\t\t\t\t<div class=\"elementor-widget-container\">\n\t\t\t\t\t\t\t\t\t<p>Coach Vocacional<\/p>\t\t\t\t\t\t\t\t<\/div>\n\t\t\t\t<\/div>\n\t\t\t\t\t<\/div>\n\t\t<\/div>\n\t\t\t\t\t<\/div>\n\t\t<\/section>\n\t\t\t\t<section class=\"elementor-section elementor-top-section elementor-element elementor-element-2091a99b elementor-section-boxed elementor-section-height-default elementor-section-height-default\" data-id=\"2091a99b\" data-element_type=\"section\" data-e-type=\"section\">\n\t\t\t\t\t\t<div class=\"elementor-container elementor-column-gap-no\">\n\t\t\t\t\t<div class=\"elementor-column elementor-col-100 elementor-top-column elementor-element elementor-element-46908f25\" data-id=\"46908f25\" data-element_type=\"column\" data-e-type=\"column\">\n\t\t\t<div class=\"elementor-widget-wrap elementor-element-populated\">\n\t\t\t\t\t\t<section class=\"elementor-section elementor-inner-section elementor-element elementor-element-3d6d40b1 elementor-section-boxed elementor-section-height-default elementor-section-height-default\" data-id=\"3d6d40b1\" data-element_type=\"section\" data-e-type=\"section\">\n\t\t\t\t\t\t<div class=\"elementor-container elementor-column-gap-no\">\n\t\t\t\t\t<div class=\"elementor-column elementor-col-50 elementor-inner-column elementor-element elementor-element-1b913d81\" data-id=\"1b913d81\" data-element_type=\"column\" data-e-type=\"column\">\n\t\t\t<div class=\"elementor-widget-wrap elementor-element-populated\">\n\t\t\t\t\t\t<div class=\"elementor-element elementor-element-61466959 elementor-arrows-position-inside elementor-widget elementor-widget-image-carousel\" data-id=\"61466959\" data-element_type=\"widget\" data-e-type=\"widget\" data-settings=\"{&quot;slides_to_show&quot;:&quot;1&quot;,&quot;navigation&quot;:&quot;arrows&quot;,&quot;autoplay&quot;:&quot;yes&quot;,&quot;pause_on_hover&quot;:&quot;yes&quot;,&quot;pause_on_interaction&quot;:&quot;yes&quot;,&quot;autoplay_speed&quot;:5000,&quot;infinite&quot;:&quot;yes&quot;,&quot;effect&quot;:&quot;slide&quot;,&quot;speed&quot;:500}\" data-widget_type=\"image-carousel.default\">\n\t\t\t\t<div class=\"elementor-widget-container\">\n\t\t\t\t\t\t\t<div class=\"elementor-image-carousel-wrapper swiper\" role=\"region\" aria-roledescription=\"carousel\" aria-label=\"Carrusel de im\u00e1genes\" dir=\"ltr\">\n\t\t\t<div class=\"elementor-image-carousel swiper-wrapper swiper-image-stretch\" aria-live=\"off\">\n\t\t\t\t\t\t\t\t<div class=\"swiper-slide\" role=\"group\" aria-roledescription=\"slide\" aria-label=\"1 de 1\"><figure class=\"swiper-slide-inner\"><img decoding=\"async\" class=\"swiper-slide-image\" src=\"https:\/\/lacomarcadelostalentos.com\/lct\/wp-content\/uploads\/2026\/02\/cvaldeluna.png\" alt=\"cvaldeluna\" \/><\/figure><\/div>\t\t\t<\/div>\n\t\t\t\t\t<\/div>\n\t\t\t\t\t\t<\/div>\n\t\t\t\t<\/div>\n\t\t\t\t\t<\/div>\n\t\t<\/div>\n\t\t\t\t<div class=\"elementor-column elementor-col-50 elementor-inner-column elementor-element elementor-element-e5c98d2\" data-id=\"e5c98d2\" data-element_type=\"column\" data-e-type=\"column\">\n\t\t\t<div class=\"elementor-widget-wrap elementor-element-populated\">\n\t\t\t\t\t\t<div class=\"elementor-element elementor-element-4db04e93 elementor-widget elementor-widget-text-editor\" data-id=\"4db04e93\" data-element_type=\"widget\" data-e-type=\"widget\" data-widget_type=\"text-editor.default\">\n\t\t\t\t<div class=\"elementor-widget-container\">\n\t\t\t\t\t\t\t\t\t<h3 style=\"text-align: left;\"><span class=\"fontstyle0\" style=\"color: #341c11;\">Tu br\u00fajula sabe el camino&#8230;<\/span><\/h3><h4 style=\"text-align: right;\"><span class=\"fontstyle0\" style=\"color: #341c11;\">\u00bfTe atreves a seguirla?<\/span><\/h4>\t\t\t\t\t\t\t\t<\/div>\n\t\t\t\t<\/div>\n\t\t\t\t<div class=\"elementor-element elementor-element-91f3300 elementor-widget elementor-widget-text-editor\" data-id=\"91f3300\" data-element_type=\"widget\" data-e-type=\"widget\" data-widget_type=\"text-editor.default\">\n\t\t\t\t<div class=\"elementor-widget-container\">\n\t\t\t\t\t\t\t\t\t<ul><li><span class=\"fontstyle0\">Trabajo con <\/span><span class=\"fontstyle2\">j\u00f3venes <\/span><span class=\"fontstyle0\">en procesos de <\/span><span class=\"fontstyle2\">autoconocimiento <\/span><span class=\"fontstyle0\">para tomar decisiones con claridad.<\/span><\/li><li>Creo en decisiones tomadas desde la <span class=\"fontstyle2\">claridad <\/span><span class=\"fontstyle0\">y el <\/span><span class=\"fontstyle2\">criterio personal.<\/span><\/li><li>Acompa\u00f1o procesos donde primero se <span class=\"fontstyle2\">entiende a la persona<\/span><span class=\"fontstyle0\">, y luego la decisi\u00f3n.<\/span><\/li><li>Busco que <span class=\"fontstyle2\">cada decisi\u00f3n tenga sentido <\/span><span class=\"fontstyle0\">para la persona que la vive, no solo que se vean correctas.<\/span><\/li><\/ul>\t\t\t\t\t\t\t\t<\/div>\n\t\t\t\t<\/div>\n\t\t\t\t<div class=\"elementor-element elementor-element-5a2959f elementor-widget elementor-widget-image\" data-id=\"5a2959f\" data-element_type=\"widget\" data-e-type=\"widget\" data-widget_type=\"image.default\">\n\t\t\t\t<div class=\"elementor-widget-container\">\n\t\t\t\t\t\t\t\t\t\t\t\t\t\t\t<img decoding=\"async\" width=\"185\" height=\"185\" src=\"https:\/\/lacomarcadelostalentos.com\/lct\/wp-content\/uploads\/2026\/02\/adl.png\" class=\"attachment-large size-large wp-image-1556\" alt=\"\" srcset=\"https:\/\/lacomarcadelostalentos.com\/lct\/wp-content\/uploads\/2026\/02\/adl.png 185w, https:\/\/lacomarcadelostalentos.com\/lct\/wp-content\/uploads\/2026\/02\/adl-150x150.png 150w, https:\/\/lacomarcadelostalentos.com\/lct\/wp-content\/uploads\/2026\/02\/adl-100x100.png 100w\" sizes=\"(max-width: 185px) 100vw, 185px\" \/>\t\t\t\t\t\t\t\t\t\t\t\t\t\t\t<\/div>\n\t\t\t\t<\/div>\n\t\t\t\t\t<\/div>\n\t\t<\/div>\n\t\t\t\t\t<\/div>\n\t\t<\/section>\n\t\t\t\t\t<\/div>\n\t\t<\/div>\n\t\t\t\t\t<\/div>\n\t\t<\/section>\n\t\t\t\t<section class=\"elementor-section elementor-top-section elementor-element elementor-element-7e9c93a elementor-section-boxed elementor-section-height-default elementor-section-height-default\" data-id=\"7e9c93a\" data-element_type=\"section\" data-e-type=\"section\">\n\t\t\t\t\t\t<div class=\"elementor-container elementor-column-gap-default\">\n\t\t\t\t\t<div class=\"elementor-column elementor-col-25 elementor-top-column elementor-element elementor-element-f2b22be\" data-id=\"f2b22be\" data-element_type=\"column\" data-e-type=\"column\">\n\t\t\t<div class=\"elementor-widget-wrap elementor-element-populated\">\n\t\t\t\t\t\t<div class=\"elementor-element elementor-element-2838ac5 elementor-widget-tablet__width-initial elementor-widget-mobile__width-inherit elementor-widget elementor-widget-image-box\" data-id=\"2838ac5\" data-element_type=\"widget\" data-e-type=\"widget\" data-widget_type=\"image-box.default\">\n\t\t\t\t<div class=\"elementor-widget-container\">\n\t\t\t\t\t<div class=\"elementor-image-box-wrapper\"><div class=\"elementor-image-box-content\"><h5 class=\"elementor-image-box-title\">Autoconocimiento<\/h5><p class=\"elementor-image-box-description\">Identificaci\u00f3n de talentos,\ninteligencias y\npersonalidad.<\/p><\/div><\/div>\t\t\t\t<\/div>\n\t\t\t\t<\/div>\n\t\t\t\t\t<\/div>\n\t\t<\/div>\n\t\t\t\t<div class=\"elementor-column elementor-col-25 elementor-top-column elementor-element elementor-element-88b758a\" data-id=\"88b758a\" data-element_type=\"column\" data-e-type=\"column\">\n\t\t\t<div class=\"elementor-widget-wrap elementor-element-populated\">\n\t\t\t\t\t\t<div class=\"elementor-element elementor-element-3841056 elementor-widget-tablet__width-initial elementor-widget-mobile__width-inherit elementor-widget elementor-widget-image-box\" data-id=\"3841056\" data-element_type=\"widget\" data-e-type=\"widget\" data-widget_type=\"image-box.default\">\n\t\t\t\t<div class=\"elementor-widget-container\">\n\t\t\t\t\t<div class=\"elementor-image-box-wrapper\"><div class=\"elementor-image-box-content\"><h5 class=\"elementor-image-box-title\">Claridad Interna<\/h5><p class=\"elementor-image-box-description\">Para tomar decisiones sin\nsentirse perdidos y caminar en\npaz con quien realmente son.<\/p><\/div><\/div>\t\t\t\t<\/div>\n\t\t\t\t<\/div>\n\t\t\t\t\t<\/div>\n\t\t<\/div>\n\t\t\t\t<div class=\"elementor-column elementor-col-25 elementor-top-column elementor-element elementor-element-973e27d\" data-id=\"973e27d\" data-element_type=\"column\" data-e-type=\"column\">\n\t\t\t<div class=\"elementor-widget-wrap elementor-element-populated\">\n\t\t\t\t\t\t<div class=\"elementor-element elementor-element-8e9e308 elementor-widget-tablet__width-initial elementor-widget-mobile__width-inherit elementor-widget elementor-widget-image-box\" data-id=\"8e9e308\" data-element_type=\"widget\" data-e-type=\"widget\" data-widget_type=\"image-box.default\">\n\t\t\t\t<div class=\"elementor-widget-container\">\n\t\t\t\t\t<div class=\"elementor-image-box-wrapper\"><div class=\"elementor-image-box-content\"><h5 class=\"elementor-image-box-title\">Calma<\/h5><p class=\"elementor-image-box-description\">Menos ansiedad frente a la\ndecisi\u00f3n vocacional.<\/p><\/div><\/div>\t\t\t\t<\/div>\n\t\t\t\t<\/div>\n\t\t\t\t\t<\/div>\n\t\t<\/div>\n\t\t\t\t<div class=\"elementor-column elementor-col-25 elementor-top-column elementor-element elementor-element-f50b66c\" data-id=\"f50b66c\" data-element_type=\"column\" data-e-type=\"column\">\n\t\t\t<div class=\"elementor-widget-wrap elementor-element-populated\">\n\t\t\t\t\t\t<div class=\"elementor-element elementor-element-63b08a9 elementor-widget-tablet__width-initial elementor-widget-mobile__width-inherit elementor-widget elementor-widget-image-box\" data-id=\"63b08a9\" data-element_type=\"widget\" data-e-type=\"widget\" data-widget_type=\"image-box.default\">\n\t\t\t\t<div class=\"elementor-widget-container\">\n\t\t\t\t\t<div class=\"elementor-image-box-wrapper\"><div class=\"elementor-image-box-content\"><h5 class=\"elementor-image-box-title\">Conciencia<\/h5><p class=\"elementor-image-box-description\">Una forma m\u00e1s consciente de\nconstruir su futuro.<\/p><\/div><\/div>\t\t\t\t<\/div>\n\t\t\t\t<\/div>\n\t\t\t\t\t<\/div>\n\t\t<\/div>\n\t\t\t\t\t<\/div>\n\t\t<\/section>\n\t\t\t\t<\/div>\n\t\t","protected":false},"excerpt":{"rendered":"<p>Alejandra de Luna Coach Vocacional Tu br\u00fajula sabe el camino&#8230; \u00bfTe atreves a seguirla? Trabajo con j\u00f3venes en procesos de autoconocimiento para tomar decisiones con claridad. Creo en decisiones tomadas desde la claridad y el criterio personal. Acompa\u00f1o procesos donde primero se entiende a la persona, y luego la decisi\u00f3n. Busco que cada decisi\u00f3n tenga [&hellip;]<\/p>\n","protected":false},"author":1,"featured_media":0,"parent":0,"menu_order":0,"comment_status":"closed","ping_status":"closed","template":"","meta":{"footnotes":""},"class_list":["post-1541","page","type-page","status-publish","hentry"],"_links":{"self":[{"href":"https:\/\/lacomarcadelostalentos.com\/lct\/wp-json\/wp\/v2\/pages\/1541","targetHints":{"allow":["GET"]}}],"collection":[{"href":"https:\/\/lacomarcadelostalentos.com\/lct\/wp-json\/wp\/v2\/pages"}],"about":[{"href":"https:\/\/lacomarcadelostalentos.com\/lct\/wp-json\/wp\/v2\/types\/page"}],"author":[{"embeddable":true,"href":"https:\/\/lacomarcadelostalentos.com\/lct\/wp-json\/wp\/v2\/users\/1"}],"replies":[{"embeddable":true,"href":"https:\/\/lacomarcadelostalentos.com\/lct\/wp-json\/wp\/v2\/comments?post=1541"}],"version-history":[{"count":28,"href":"https:\/\/lacomarcadelostalentos.com\/lct\/wp-json\/wp\/v2\/pages\/1541\/revisions"}],"predecessor-version":[{"id":1597,"href":"https:\/\/lacomarcadelostalentos.com\/lct\/wp-json\/wp\/v2\/pages\/1541\/revisions\/1597"}],"wp:attachment":[{"href":"https:\/\/lacomarcadelostalentos.com\/lct\/wp-json\/wp\/v2\/media?parent=1541"}],"curies":[{"name":"wp","href":"https:\/\/api.w.org\/{rel}","templated":true}]}}