{"id":882,"date":"2025-02-25T23:11:36","date_gmt":"2025-02-26T05:11:36","guid":{"rendered":"https:\/\/lacomarcadelostalentos.com\/lct\/?page_id=882"},"modified":"2026-03-09T12:35:32","modified_gmt":"2026-03-09T18:35:32","slug":"que-es-la-comarca","status":"publish","type":"page","link":"https:\/\/lacomarcadelostalentos.com\/lct\/que-es-la-comarca\/","title":{"rendered":"\u00bfQue es la Comarca de los Talentos?"},"content":{"rendered":"\t\t<div data-elementor-type=\"wp-page\" data-elementor-id=\"882\" class=\"elementor elementor-882\" data-elementor-post-type=\"page\">\n\t\t\t\t\t\t<section class=\"elementor-section elementor-top-section elementor-element elementor-element-504de8a8 elementor-section-boxed elementor-section-height-default elementor-section-height-default\" data-id=\"504de8a8\" data-element_type=\"section\" data-e-type=\"section\" data-settings=\"{&quot;background_background&quot;:&quot;gradient&quot;}\">\n\t\t\t\t\t\t\t<div class=\"elementor-background-overlay\"><\/div>\n\t\t\t\t\t\t\t<div class=\"elementor-container elementor-column-gap-no\">\n\t\t\t\t\t<div class=\"elementor-column elementor-col-100 elementor-top-column elementor-element elementor-element-734f1a82\" data-id=\"734f1a82\" data-element_type=\"column\" data-e-type=\"column\">\n\t\t\t<div class=\"elementor-widget-wrap elementor-element-populated\">\n\t\t\t\t\t\t<div class=\"elementor-element elementor-element-45eadaff elementor-widget elementor-widget-heading\" data-id=\"45eadaff\" data-element_type=\"widget\" data-e-type=\"widget\" data-widget_type=\"heading.default\">\n\t\t\t\t<div class=\"elementor-widget-container\">\n\t\t\t\t\t<h1 class=\"elementor-heading-title elementor-size-default\">\u00bfQu\u00e9 es la Comarca de los Talentos?<\/h1>\t\t\t\t<\/div>\n\t\t\t\t<\/div>\n\t\t\t\t\t<\/div>\n\t\t<\/div>\n\t\t\t\t\t<\/div>\n\t\t<\/section>\n\t\t\t\t<section class=\"elementor-section elementor-top-section elementor-element elementor-element-3b6e1caa elementor-section-boxed elementor-section-height-default elementor-section-height-default\" data-id=\"3b6e1caa\" data-element_type=\"section\" data-e-type=\"section\">\n\t\t\t\t\t\t<div class=\"elementor-container elementor-column-gap-no\">\n\t\t\t\t\t<div class=\"elementor-column elementor-col-100 elementor-top-column elementor-element elementor-element-46f19929\" data-id=\"46f19929\" data-element_type=\"column\" data-e-type=\"column\">\n\t\t\t<div class=\"elementor-widget-wrap elementor-element-populated\">\n\t\t\t\t\t\t<div class=\"elementor-element elementor-element-141f38f4 elementor-invisible elementor-widget elementor-widget-image\" data-id=\"141f38f4\" data-element_type=\"widget\" data-e-type=\"widget\" data-settings=\"{&quot;_animation&quot;:&quot;fadeInUp&quot;}\" data-widget_type=\"image.default\">\n\t\t\t\t<div class=\"elementor-widget-container\">\n\t\t\t\t\t\t\t\t\t\t\t\t\t\t\t<img fetchpriority=\"high\" decoding=\"async\" width=\"1400\" height=\"750\" src=\"https:\/\/lacomarcadelostalentos.com\/lct\/wp-content\/uploads\/2023\/02\/team-pic.jpg\" class=\"attachment-full size-full wp-image-323\" alt=\"\" srcset=\"https:\/\/lacomarcadelostalentos.com\/lct\/wp-content\/uploads\/2023\/02\/team-pic.jpg 1400w, https:\/\/lacomarcadelostalentos.com\/lct\/wp-content\/uploads\/2023\/02\/team-pic-300x161.jpg 300w, https:\/\/lacomarcadelostalentos.com\/lct\/wp-content\/uploads\/2023\/02\/team-pic-1024x549.jpg 1024w, https:\/\/lacomarcadelostalentos.com\/lct\/wp-content\/uploads\/2023\/02\/team-pic-768x411.jpg 768w, https:\/\/lacomarcadelostalentos.com\/lct\/wp-content\/uploads\/2023\/02\/team-pic-600x321.jpg 600w\" sizes=\"(max-width: 1400px) 100vw, 1400px\" \/>\t\t\t\t\t\t\t\t\t\t\t\t\t\t\t<\/div>\n\t\t\t\t<\/div>\n\t\t\t\t<div class=\"elementor-element elementor-element-1d791831 elementor-widget elementor-widget-spacer\" data-id=\"1d791831\" data-element_type=\"widget\" data-e-type=\"widget\" data-widget_type=\"spacer.default\">\n\t\t\t\t<div class=\"elementor-widget-container\">\n\t\t\t\t\t\t\t<div class=\"elementor-spacer\">\n\t\t\t<div class=\"elementor-spacer-inner\"><\/div>\n\t\t<\/div>\n\t\t\t\t\t\t<\/div>\n\t\t\t\t<\/div>\n\t\t\t\t<section class=\"elementor-section elementor-inner-section elementor-element elementor-element-47e85a64 elementor-section-full_width elementor-section-height-default elementor-section-height-default\" data-id=\"47e85a64\" data-element_type=\"section\" data-e-type=\"section\">\n\t\t\t\t\t\t<div class=\"elementor-container elementor-column-gap-no\">\n\t\t\t\t\t<div class=\"elementor-column elementor-col-100 elementor-inner-column elementor-element elementor-element-58a3169c\" data-id=\"58a3169c\" data-element_type=\"column\" data-e-type=\"column\">\n\t\t\t<div class=\"elementor-widget-wrap elementor-element-populated\">\n\t\t\t\t\t\t<div class=\"elementor-element elementor-element-45685c0 elementor-widget elementor-widget-heading\" data-id=\"45685c0\" data-element_type=\"widget\" data-e-type=\"widget\" data-widget_type=\"heading.default\">\n\t\t\t\t<div class=\"elementor-widget-container\">\n\t\t\t\t\t<h2 class=\"elementor-heading-title elementor-size-default\">\u00bfQu\u00e9 es la Comarca de los Talentos?<\/h2>\t\t\t\t<\/div>\n\t\t\t\t<\/div>\n\t\t\t\t<div class=\"elementor-element elementor-element-3ab9b16 elementor-widget elementor-widget-text-editor\" data-id=\"3ab9b16\" data-element_type=\"widget\" data-e-type=\"widget\" data-widget_type=\"text-editor.default\">\n\t\t\t\t<div class=\"elementor-widget-container\">\n\t\t\t\t\t\t\t\t\t<p>Es un modelo que surge con la idea de transformar la educaci\u00f3n en M\u00e9xico ayudando a descubrir y potencializar los talentos naturales de ni\u00f1os, j\u00f3venes y adultos para que a trav\u00e9s de su actividad se desarrollen plenamente.<\/p>\t\t\t\t\t\t\t\t<\/div>\n\t\t\t\t<\/div>\n\t\t\t\t<div class=\"elementor-element elementor-element-481d2a5 elementor-widget elementor-widget-heading\" data-id=\"481d2a5\" data-element_type=\"widget\" data-e-type=\"widget\" data-widget_type=\"heading.default\">\n\t\t\t\t<div class=\"elementor-widget-container\">\n\t\t\t\t\t<h2 class=\"elementor-heading-title elementor-size-default\">\u00bfQu\u00e9 son los Talentos?<\/h2>\t\t\t\t<\/div>\n\t\t\t\t<\/div>\n\t\t\t\t<div class=\"elementor-element elementor-element-e6fd397 elementor-widget elementor-widget-text-editor\" data-id=\"e6fd397\" data-element_type=\"widget\" data-e-type=\"widget\" data-widget_type=\"text-editor.default\">\n\t\t\t\t<div class=\"elementor-widget-container\">\n\t\t\t\t\t\t\t\t\t<p>Son patrones de pensamientos, sentimientos o comportamientos que se repiten de manera natural y que se pueden aplicar productivamente. Los talentos de cada persona son permanente y \u00fanicos.<\/p>\t\t\t\t\t\t\t\t<\/div>\n\t\t\t\t<\/div>\n\t\t\t\t<div class=\"elementor-element elementor-element-390fc9e elementor-widget elementor-widget-heading\" data-id=\"390fc9e\" data-element_type=\"widget\" data-e-type=\"widget\" data-widget_type=\"heading.default\">\n\t\t\t\t<div class=\"elementor-widget-container\">\n\t\t\t\t\t<h2 class=\"elementor-heading-title elementor-size-default\">\u00bfQu\u00e9 es el conocimiento?<\/h2>\t\t\t\t<\/div>\n\t\t\t\t<\/div>\n\t\t\t\t<div class=\"elementor-element elementor-element-daa20c6 elementor-widget elementor-widget-text-editor\" data-id=\"daa20c6\" data-element_type=\"widget\" data-e-type=\"widget\" data-widget_type=\"text-editor.default\">\n\t\t\t\t<div class=\"elementor-widget-container\">\n\t\t\t\t\t\t\t\t\t<p>Consta de los hechos y de lecciones aprendidas. Para desarrollar las fortalezas hay dos tipos de conocimiento: el primero es el conocimiento objetivo de los hechos, lo que llamamos contenidos. El segundo es el conocimiento vivencial, aquel que no se encuentra en las aulas, es el que se adquiere y conserva mientras se recorre el camino.<\/p>\t\t\t\t\t\t\t\t<\/div>\n\t\t\t\t<\/div>\n\t\t\t\t<div class=\"elementor-element elementor-element-60004ae elementor-widget elementor-widget-heading\" data-id=\"60004ae\" data-element_type=\"widget\" data-e-type=\"widget\" data-widget_type=\"heading.default\">\n\t\t\t\t<div class=\"elementor-widget-container\">\n\t\t\t\t\t<h2 class=\"elementor-heading-title elementor-size-default\">\u00bfQu\u00e9 son las destrezas?<\/h2>\t\t\t\t<\/div>\n\t\t\t\t<\/div>\n\t\t\t\t<div class=\"elementor-element elementor-element-41977de elementor-widget elementor-widget-text-editor\" data-id=\"41977de\" data-element_type=\"widget\" data-e-type=\"widget\" data-widget_type=\"text-editor.default\">\n\t\t\t\t<div class=\"elementor-widget-container\">\n\t\t\t\t\t\t\t\t\t<p>Es la manera en la que una persona formaliza el conocimiento acumulado en una serie de pasos para lograr un desempe\u00f1o aceptable en una actividad.<\/p>\t\t\t\t\t\t\t\t<\/div>\n\t\t\t\t<\/div>\n\t\t\t\t<div class=\"elementor-element elementor-element-27698e1 elementor-widget elementor-widget-heading\" data-id=\"27698e1\" data-element_type=\"widget\" data-e-type=\"widget\" data-widget_type=\"heading.default\">\n\t\t\t\t<div class=\"elementor-widget-container\">\n\t\t\t\t\t<h2 class=\"elementor-heading-title elementor-size-default\">\u00bfQu\u00e9 son las fortalezas?\n<\/h2>\t\t\t\t<\/div>\n\t\t\t\t<\/div>\n\t\t\t\t<div class=\"elementor-element elementor-element-ba45276 elementor-widget elementor-widget-text-editor\" data-id=\"ba45276\" data-element_type=\"widget\" data-e-type=\"widget\" data-widget_type=\"text-editor.default\">\n\t\t\t\t<div class=\"elementor-widget-container\">\n\t\t\t\t\t\t\t\t\t<p>Cuando se juntan estos tres elementos. talentos, conocimientos y destrezas y se combinan entre s\u00ed, crean las fortalezas que tiene cada individuo. Una fortaleza es: \u00abel desempe\u00f1o consistentemente casi perfecto en una actividad.<\/p>\t\t\t\t\t\t\t\t<\/div>\n\t\t\t\t<\/div>\n\t\t\t\t\t<\/div>\n\t\t<\/div>\n\t\t\t\t\t<\/div>\n\t\t<\/section>\n\t\t\t\t\t<\/div>\n\t\t<\/div>\n\t\t\t\t\t<\/div>\n\t\t<\/section>\n\t\t\t\t<\/div>\n\t\t","protected":false},"excerpt":{"rendered":"<p>\u00bfQu\u00e9 es la Comarca de los Talentos? \u00bfQu\u00e9 es la Comarca de los Talentos? Es un modelo que surge con la idea de transformar la educaci\u00f3n en M\u00e9xico ayudando a descubrir y potencializar los talentos naturales de ni\u00f1os, j\u00f3venes y adultos para que a trav\u00e9s de su actividad se desarrollen plenamente. \u00bfQu\u00e9 son los Talentos? [&hellip;]<\/p>\n","protected":false},"author":1,"featured_media":0,"parent":0,"menu_order":0,"comment_status":"closed","ping_status":"closed","template":"","meta":{"footnotes":""},"class_list":["post-882","page","type-page","status-publish","hentry"],"_links":{"self":[{"href":"https:\/\/lacomarcadelostalentos.com\/lct\/wp-json\/wp\/v2\/pages\/882","targetHints":{"allow":["GET"]}}],"collection":[{"href":"https:\/\/lacomarcadelostalentos.com\/lct\/wp-json\/wp\/v2\/pages"}],"about":[{"href":"https:\/\/lacomarcadelostalentos.com\/lct\/wp-json\/wp\/v2\/types\/page"}],"author":[{"embeddable":true,"href":"https:\/\/lacomarcadelostalentos.com\/lct\/wp-json\/wp\/v2\/users\/1"}],"replies":[{"embeddable":true,"href":"https:\/\/lacomarcadelostalentos.com\/lct\/wp-json\/wp\/v2\/comments?post=882"}],"version-history":[{"count":23,"href":"https:\/\/lacomarcadelostalentos.com\/lct\/wp-json\/wp\/v2\/pages\/882\/revisions"}],"predecessor-version":[{"id":1647,"href":"https:\/\/lacomarcadelostalentos.com\/lct\/wp-json\/wp\/v2\/pages\/882\/revisions\/1647"}],"wp:attachment":[{"href":"https:\/\/lacomarcadelostalentos.com\/lct\/wp-json\/wp\/v2\/media?parent=882"}],"curies":[{"name":"wp","href":"https:\/\/api.w.org\/{rel}","templated":true}]}}