{"id":898,"date":"2025-02-25T23:21:34","date_gmt":"2025-02-26T05:21:34","guid":{"rendered":"https:\/\/lacomarcadelostalentos.com\/lct\/?page_id=898"},"modified":"2026-02-17T11:58:12","modified_gmt":"2026-02-17T17:58:12","slug":"angel-de-luna","status":"publish","type":"page","link":"https:\/\/lacomarcadelostalentos.com\/lct\/angel-de-luna\/","title":{"rendered":"\u00c1ngel de Luna"},"content":{"rendered":"\t\t<div data-elementor-type=\"wp-page\" data-elementor-id=\"898\" class=\"elementor elementor-898\" data-elementor-post-type=\"page\">\n\t\t\t\t\t\t<section class=\"elementor-section elementor-top-section elementor-element elementor-element-4a73c910 elementor-section-boxed elementor-section-height-default elementor-section-height-default\" data-id=\"4a73c910\" data-element_type=\"section\" data-e-type=\"section\" data-settings=\"{&quot;background_background&quot;:&quot;gradient&quot;}\">\n\t\t\t\t\t\t\t<div class=\"elementor-background-overlay\"><\/div>\n\t\t\t\t\t\t\t<div class=\"elementor-container elementor-column-gap-no\">\n\t\t\t\t\t<div class=\"elementor-column elementor-col-100 elementor-top-column elementor-element elementor-element-5ade2ce0 elementor-invisible\" data-id=\"5ade2ce0\" data-element_type=\"column\" data-e-type=\"column\" data-settings=\"{&quot;animation&quot;:&quot;fadeInUp&quot;}\">\n\t\t\t<div class=\"elementor-widget-wrap elementor-element-populated\">\n\t\t\t\t\t\t<div class=\"elementor-element elementor-element-2fd62b00 elementor-widget elementor-widget-heading\" data-id=\"2fd62b00\" data-element_type=\"widget\" data-e-type=\"widget\" data-widget_type=\"heading.default\">\n\t\t\t\t<div class=\"elementor-widget-container\">\n\t\t\t\t\t<h1 class=\"elementor-heading-title elementor-size-default\">Dr. \u00c1ngel de Luna<\/h1>\t\t\t\t<\/div>\n\t\t\t\t<\/div>\n\t\t\t\t\t<\/div>\n\t\t<\/div>\n\t\t\t\t\t<\/div>\n\t\t<\/section>\n\t\t\t\t<section class=\"elementor-section elementor-top-section elementor-element elementor-element-2091a99b elementor-section-boxed elementor-section-height-default elementor-section-height-default\" data-id=\"2091a99b\" data-element_type=\"section\" data-e-type=\"section\">\n\t\t\t\t\t\t<div class=\"elementor-container elementor-column-gap-no\">\n\t\t\t\t\t<div class=\"elementor-column elementor-col-100 elementor-top-column elementor-element elementor-element-46908f25\" data-id=\"46908f25\" data-element_type=\"column\" data-e-type=\"column\">\n\t\t\t<div class=\"elementor-widget-wrap elementor-element-populated\">\n\t\t\t\t\t\t<section class=\"elementor-section elementor-inner-section elementor-element elementor-element-3d6d40b1 elementor-section-boxed elementor-section-height-default elementor-section-height-default\" data-id=\"3d6d40b1\" data-element_type=\"section\" data-e-type=\"section\">\n\t\t\t\t\t\t<div class=\"elementor-container elementor-column-gap-no\">\n\t\t\t\t\t<div class=\"elementor-column elementor-col-50 elementor-inner-column elementor-element elementor-element-1b913d81\" data-id=\"1b913d81\" data-element_type=\"column\" data-e-type=\"column\">\n\t\t\t<div class=\"elementor-widget-wrap elementor-element-populated\">\n\t\t\t\t\t\t<div class=\"elementor-element elementor-element-61466959 elementor-arrows-position-inside elementor-widget elementor-widget-image-carousel\" data-id=\"61466959\" data-element_type=\"widget\" data-e-type=\"widget\" data-settings=\"{&quot;slides_to_show&quot;:&quot;1&quot;,&quot;navigation&quot;:&quot;arrows&quot;,&quot;autoplay&quot;:&quot;yes&quot;,&quot;pause_on_hover&quot;:&quot;yes&quot;,&quot;pause_on_interaction&quot;:&quot;yes&quot;,&quot;autoplay_speed&quot;:5000,&quot;infinite&quot;:&quot;yes&quot;,&quot;effect&quot;:&quot;slide&quot;,&quot;speed&quot;:500}\" data-widget_type=\"image-carousel.default\">\n\t\t\t\t<div class=\"elementor-widget-container\">\n\t\t\t\t\t\t\t<div class=\"elementor-image-carousel-wrapper swiper\" role=\"region\" aria-roledescription=\"carousel\" aria-label=\"Carrusel de im\u00e1genes\" dir=\"ltr\">\n\t\t\t<div class=\"elementor-image-carousel swiper-wrapper swiper-image-stretch\" aria-live=\"off\">\n\t\t\t\t\t\t\t\t<div class=\"swiper-slide\" role=\"group\" aria-roledescription=\"slide\" aria-label=\"1 de 1\"><figure class=\"swiper-slide-inner\"><img decoding=\"async\" class=\"swiper-slide-image\" src=\"https:\/\/lacomarcadelostalentos.com\/lct\/wp-content\/uploads\/2025\/07\/adl.jpeg\" alt=\"adl\" \/><\/figure><\/div>\t\t\t<\/div>\n\t\t\t\t\t<\/div>\n\t\t\t\t\t\t<\/div>\n\t\t\t\t<\/div>\n\t\t\t\t\t<\/div>\n\t\t<\/div>\n\t\t\t\t<div class=\"elementor-column elementor-col-50 elementor-inner-column elementor-element elementor-element-e5c98d2\" data-id=\"e5c98d2\" data-element_type=\"column\" data-e-type=\"column\">\n\t\t\t<div class=\"elementor-widget-wrap elementor-element-populated\">\n\t\t\t\t\t\t<div class=\"elementor-element elementor-element-4db04e93 elementor-widget elementor-widget-text-editor\" data-id=\"4db04e93\" data-element_type=\"widget\" data-e-type=\"widget\" data-widget_type=\"text-editor.default\">\n\t\t\t\t<div class=\"elementor-widget-container\">\n\t\t\t\t\t\t\t\t\t<ul><li><div>Angel ayuda a mover y trasformar conciencias a nivel nacional e internacional.<\/div><\/li><li><div>Conferencista, escritor, empresario.<\/div><\/li><li><div>Consultor y Orientador Vocacional.<\/div><\/li><li><div>Estudioso del comportamiento humano.<\/div><\/li><li><div>Por m\u00e1s de 35 a\u00f1os ha fusionado exitosamente la parte empresarial con el desarrollo humano entre miles de personas que han presenciado sus conferencias.<\/div><\/li><li><div>Imparte conferencias, seminarios y talleres en M\u00e9xico as\u00ed como en Am\u00e9rica Latina en los temas de ventas, liderazgo, educaci\u00f3n y desarrollo personal.<\/div><\/li><li><div>Contador P\u00fablico por la UASLP.<\/div><\/li><li><div>Diplomado en Alta Direcci\u00f3n de Empresas por el ITESM.<\/div><\/li><li><div>Tiene una Maestr\u00eda en Educaci\u00f3n con especialidad en Innovaci\u00f3n Educativa. Por la Universidad Marista.<\/div><\/li><li><div>Tiene un Doctorado en Ciencias de la Educaci\u00f3n. Por el CAEPE.<\/div><\/li><li><div>Semi\u00f3logo Consultor y Comunicador. Por el Colegio Mexicano de Semiolog\u00eda de la Vida Cotidiana.<\/div><\/li><li><div>Es consultor de empresas en los temas de transformaci\u00f3n de conciencia y conocimiento de uno mismo.<\/div><\/li><li><div>Su sue\u00f1o: transformar a las personas a trav\u00e9s de la educaci\u00f3n.<\/div><\/li><li><div>Es fundador y Director General de La Comarca de los Talentos, S.C. empresa que ayuda a descubrir y potencializar los talentos naturales de j\u00f3venes y adultos.<\/div><\/li><li><div>Es autor de los libros \u00abYO SOY DIOS\u00bb (2010), \u00abTres Gramos de Coraz\u00f3n\u00bb (2011) y su primer novela se llama \u00abNOEL y las 7 claves para sentirse vivo\u00bb (2014).<\/div><\/li><\/ul>\t\t\t\t\t\t\t\t<\/div>\n\t\t\t\t<\/div>\n\t\t\t\t\t<\/div>\n\t\t<\/div>\n\t\t\t\t\t<\/div>\n\t\t<\/section>\n\t\t\t\t\t<\/div>\n\t\t<\/div>\n\t\t\t\t\t<\/div>\n\t\t<\/section>\n\t\t\t\t<\/div>\n\t\t","protected":false},"excerpt":{"rendered":"<p>Dr. \u00c1ngel de Luna Angel ayuda a mover y trasformar conciencias a nivel nacional e internacional. Conferencista, escritor, empresario. Consultor y Orientador Vocacional. Estudioso del comportamiento humano. Por m\u00e1s de 35 a\u00f1os ha fusionado exitosamente la parte empresarial con el desarrollo humano entre miles de personas que han presenciado sus conferencias. Imparte conferencias, seminarios y [&hellip;]<\/p>\n","protected":false},"author":1,"featured_media":0,"parent":0,"menu_order":0,"comment_status":"closed","ping_status":"closed","template":"","meta":{"footnotes":""},"class_list":["post-898","page","type-page","status-publish","hentry"],"_links":{"self":[{"href":"https:\/\/lacomarcadelostalentos.com\/lct\/wp-json\/wp\/v2\/pages\/898","targetHints":{"allow":["GET"]}}],"collection":[{"href":"https:\/\/lacomarcadelostalentos.com\/lct\/wp-json\/wp\/v2\/pages"}],"about":[{"href":"https:\/\/lacomarcadelostalentos.com\/lct\/wp-json\/wp\/v2\/types\/page"}],"author":[{"embeddable":true,"href":"https:\/\/lacomarcadelostalentos.com\/lct\/wp-json\/wp\/v2\/users\/1"}],"replies":[{"embeddable":true,"href":"https:\/\/lacomarcadelostalentos.com\/lct\/wp-json\/wp\/v2\/comments?post=898"}],"version-history":[{"count":22,"href":"https:\/\/lacomarcadelostalentos.com\/lct\/wp-json\/wp\/v2\/pages\/898\/revisions"}],"predecessor-version":[{"id":1575,"href":"https:\/\/lacomarcadelostalentos.com\/lct\/wp-json\/wp\/v2\/pages\/898\/revisions\/1575"}],"wp:attachment":[{"href":"https:\/\/lacomarcadelostalentos.com\/lct\/wp-json\/wp\/v2\/media?parent=898"}],"curies":[{"name":"wp","href":"https:\/\/api.w.org\/{rel}","templated":true}]}}